{"id":3273,"date":"2023-07-11T16:05:18","date_gmt":"2023-07-11T21:05:18","guid":{"rendered":"https:\/\/technosub.net\/a-propos\/"},"modified":"2026-01-15T11:45:54","modified_gmt":"2026-01-15T16:45:54","slug":"about-us","status":"publish","type":"page","link":"https:\/\/www.technosub.net\/en\/about-us\/","title":{"rendered":"About us"},"content":{"rendered":"<div class=\"wp-block-group modele-lignes-2 no-padding-right-col no-padding-top no-padding-bottom is-layout-flow wp-block-group modele-lignes-2-is-layout-flow\">\n\t\n\t<div class=\"layout-flex layout-gapless\">\n\t\t<div class=\"separateur-left\"><\/div>\n\t\t<div class=\"content\">\n<div class=\"wp-block-columns is-layout-flex wp-container-core-columns-is-layout-28f84493 wp-block-columns-is-layout-flex\">\n<div class=\"wp-block-column is-vertically-aligned-center is-layout-flow wp-block-column-is-layout-flow\">\n<div id=\"block_116755f1610c5fe75ab990eb5c151864\" class=\"texte-generique left\" data-speed=\"1\">\n    <div class=\"anim-texte-generique\">\n                            <div class=\"titre\">\n                <h2>Overview<\/h2>            <\/div>\n                            <div class=\"description\">\n                <p>Founded in 1983, Technosub offers a wide range of solutions and products. Their expert team has unrivalled experience in custom pumping and water management solutions for a variety of industries. Technosub\u2019s 60,000 sq. ft. facility houses the largest inventory of pumps in North America.<\/p>\n            <\/div>\n        \n            <\/div>\n<\/div>\n\n\n<\/div>\n\n\n\n<div class=\"wp-block-column is-vertically-aligned-stretch is-layout-flow wp-block-column-is-layout-flow\">\n<div id=\"block_6c15d75d5969b47325ae98d2813bc08e\" class=\"image-texte-circulaire\">\n            <div class=\"image\">\n            <img loading=\"lazy\" decoding=\"async\" width=\"1200\" height=\"800\" src=\"https:\/\/www.technosub.net\/wp-content\/uploads\/MD_Technosub-002-1200x800.jpg\" class=\"attachment-medium size-medium\" alt=\"\" srcset=\"https:\/\/www.technosub.net\/wp-content\/uploads\/MD_Technosub-002-1200x800.jpg 1200w, https:\/\/www.technosub.net\/wp-content\/uploads\/MD_Technosub-002-1600x1067.jpg 1600w, https:\/\/www.technosub.net\/wp-content\/uploads\/MD_Technosub-002-768x512.jpg 768w, https:\/\/www.technosub.net\/wp-content\/uploads\/MD_Technosub-002-1536x1024.jpg 1536w, https:\/\/www.technosub.net\/wp-content\/uploads\/MD_Technosub-002-2048x1365.jpg 2048w\" sizes=\"auto, (max-width: 1200px) 100vw, 1200px\">        <\/div>\n        <\/div>\n<\/div>\n<\/div>\n<\/div>\n\t\t<div class=\"separateur-right\"><\/div>\n\t<\/div>\n\t\n<\/div>\n\n<div class=\"wp-block-group modele-lignes-1 is-layout-flow wp-block-group modele-lignes-1-is-layout-flow\">\n\t<div class=\"wp-bloc-group-section-top\">\n\t<div class=\"titre\">Technosub Group Divisions<\/div>\n\t<!-- <div class=\"separateur-top\"><\/div> -->\n<\/div>\n\t<div class=\"layout-flex layout-gapless\">\n\t\t<div class=\"separateur-left\"><\/div>\n\t\t<div class=\"content\">\n<div class=\"wp-block-columns is-layout-flex wp-container-core-columns-is-layout-28f84493 wp-block-columns-is-layout-flex\">\n<div class=\"wp-block-column is-vertically-aligned-stretch is-layout-flow wp-block-column-is-layout-flow\">\n<figure class=\"wp-block-image alignleft size-full is-resized\"><img loading=\"lazy\" decoding=\"async\" width=\"3774\" height=\"751\" src=\"https:\/\/technosub.net\/wp-content\/uploads\/TechnosubGroup_Logo_RGB.png\" alt=\"Technosub Group logo\" class=\"wp-image-3275\" style=\"width:521px;height:auto\" srcset=\"https:\/\/www.technosub.net\/wp-content\/uploads\/TechnosubGroup_Logo_RGB.png 3774w, https:\/\/www.technosub.net\/wp-content\/uploads\/TechnosubGroup_Logo_RGB-1200x239.png 1200w, https:\/\/www.technosub.net\/wp-content\/uploads\/TechnosubGroup_Logo_RGB-1600x318.png 1600w, https:\/\/www.technosub.net\/wp-content\/uploads\/TechnosubGroup_Logo_RGB-768x153.png 768w, https:\/\/www.technosub.net\/wp-content\/uploads\/TechnosubGroup_Logo_RGB-1536x306.png 1536w, https:\/\/www.technosub.net\/wp-content\/uploads\/TechnosubGroup_Logo_RGB-2048x408.png 2048w\" sizes=\"auto, (max-width: 3774px) 100vw, 3774px\" \/><\/figure>\n<\/div>\n\n\n\n<div class=\"wp-block-column is-vertically-aligned-stretch is-layout-flow wp-block-column-is-layout-flow\">\n<h4 class=\"wp-block-heading\">Technosub Group\u2019s strengths<\/h4>\n\n\n\n<div id=\"block_b9b012176bdc9904013877e3f93a1a13\" class=\"texte-generique left\" data-speed=\"1\">\n    <div class=\"anim-texte-generique\">\n                                    <div class=\"description\">\n                <p>Strategically located in Canada and the United States, Technosub Group\u2019s divisions and subsidiaries provide innovative and sustainable water pumping and management solutions tailored to clients\u2019 needs.<\/p>\n            <\/div>\n        \n                    <a class=\"btn\" href=\"https:\/\/technosubgroup.com\" target=\"_blank\" rel=\"noopener\">\n                technosubgroup.com            <\/a>\n            <\/div>\n<\/div>\n\n\n<\/div>\n<\/div>\n<\/div>\n\t\t<div class=\"separateur-right\"><\/div>\n\t<\/div>\n\t\n<\/div>\n\n<div class=\"wp-block-group modele-lignes-1 dark-theme has-black-background-color has-background is-layout-flow wp-block-group modele-lignes-1 dark-theme-is-layout-flow\">\n\t<div class=\"wp-bloc-group-section-top\">\n\t<div class=\"titre\">Mission &#038; Vision<\/div>\n\t<!-- <div class=\"separateur-top\"><\/div> -->\n<\/div>\n\t<div class=\"layout-flex layout-gapless\">\n\t\t<div class=\"separateur-left\"><\/div>\n\t\t<div class=\"content\">\n<div class=\"wp-block-columns has-white-color has-text-color has-link-color wp-elements-97f2887e92848b87b215da97cbb2c3d8 is-layout-flex wp-container-core-columns-is-layout-28f84493 wp-block-columns-is-layout-flex\">\n<div class=\"wp-block-column is-vertically-aligned-stretch is-layout-flow wp-block-column-is-layout-flow\">\n<h4 class=\"wp-block-heading\">Mission<\/h4>\n\n\n\n<div id=\"block_23e78021c6d506593256c4f9a311d507\" class=\"texte-generique left\" data-speed=\"1\">\n    <div class=\"anim-texte-generique\">\n                                    <div class=\"description\">\n                <p>Create, manufacture and distribute innovative and sustainable pumping and water management solutions, for the industrial and mining sectors within the shortest lead times.<\/p>\n            <\/div>\n        \n            <\/div>\n<\/div>\n\n\n<\/div>\n\n\n\n<div class=\"wp-block-column is-vertically-aligned-stretch is-layout-flow wp-block-column-is-layout-flow\">\n<h4 class=\"wp-block-heading\">Vision<\/h4>\n\n\n\n<div id=\"block_bd01bef8f92b75fc5091ce57e1fa7a7d\" class=\"texte-generique left\" data-speed=\"1\">\n    <div class=\"anim-texte-generique\">\n                                    <div class=\"description\">\n                <p>To be a world reference in the management of industrial and mining water.<\/p>\n            <\/div>\n        \n            <\/div>\n<\/div>\n\n\n<\/div>\n<\/div>\n<\/div>\n\t\t<div class=\"separateur-right\"><\/div>\n\t<\/div>\n\t\n<\/div>\n\n<div class=\"wp-block-group modele-lignes-3 dark-theme has-black-background-color has-background is-layout-flow wp-block-group modele-lignes-3 dark-theme-is-layout-flow\">\n\t<div class=\"wp-bloc-group-section-top\">\n\t<div class=\"titre\">Values<\/div>\n\t<!-- <div class=\"separateur-top\"><\/div> -->\n<\/div>\n\t<div class=\"layout-flex layout-gapless\">\n\t\t<div class=\"separateur-left\"><\/div>\n\t\t<div class=\"content\">\n<div class=\"wp-block-columns is-layout-flex wp-container-core-columns-is-layout-ec2e7a44 wp-block-columns-is-layout-flex\" style=\"padding-top:0;padding-bottom:0\">\n<div class=\"wp-block-column is-vertically-aligned-stretch is-layout-flow wp-block-column-is-layout-flow\">\n\n            <div id=\"block_3cdef05765536e9ba744b6ca18610d9a\" class=\"accordeon -padding-right-60\">\n                                                            <button class=\"accordion titre\"><h4>Flexibility<\/h4><\/button>\n                <div class=\"panel contenu\" style=\"display:none;\"><p>Flexibility is firmly rooted in our culture. It enables us to face the unexpected and adapt to our ever changing industry and environment. We are always reassessing and reshaping our organization to actively meet the needs of our clients and employees on every level. We actively embrace change.<\/p>\n<\/div>\n                                                            <button class=\"accordion titre\"><h4>Creativity<\/h4><\/button>\n                <div class=\"panel contenu\" style=\"display:none;\"><p>We are dedicated to creating and innovating. We are driven to achieve results and excellence with energy and urgency, and we are passionate about reaching unprecedented goals.<\/p>\n<\/div>\n                                                            <button class=\"accordion titre\"><h4>Commitment<\/h4><\/button>\n                <div class=\"panel contenu\" style=\"display:none;\"><p>Commitment not only fuels the way we design and build our products, but also how we serve our clients, with an eye on forging a sustainable, value-adding partnership. We favour our employees&#8217; involvement and development, leading us to exceed ever-increasing standards with pride and passion.<\/p>\n<\/div>\n                                                            <button class=\"accordion titre\"><h4>Trust<\/h4><\/button>\n                <div class=\"panel contenu\" style=\"display:none;\"><p>We want our operations to be built on a foundation of trust. It must permeate everything we do and manifest itself in a spirit of cooperation that extends to all of our activities. Our customers are valued and treated as true partners, while our employees are seen as our ambassadors, and we show them the utmost respect and consideration.<\/p>\n<\/div>\n                    <\/div>\n    <\/div>\n<\/div>\n<\/div>\n\t\t<div class=\"separateur-right\"><\/div>\n\t<\/div>\n\t<div class=\"wp-bloc-group-section-bottom\"><\/div>\n<\/div>\n\n<div class=\"wp-block-group modele-lignes-3 is-layout-flow wp-block-group modele-lignes-3-is-layout-flow\">\n\t<div class=\"wp-bloc-group-section-top\">\n\t<div class=\"titre\">Awards &#038; distinctions<\/div>\n\t<!-- <div class=\"separateur-top\"><\/div> -->\n<\/div>\n\t<div class=\"layout-flex layout-gapless\">\n\t\t<div class=\"separateur-left\"><\/div>\n\t\t<div class=\"content\">    <div id=\"block_a7eefb407050ae30d03fed621666dfe3\" class=\"prix-distinctions -padding-right-60\">\n                    <div class=\"mini-prix layout-flex layout-gapless\">\n            <div class=\"annee layout-10\">\n                2025            <\/div>\n            <div class=\"titre layout-45\">\n                Exceptional Employer \u2013 Best HR Practices            <\/div>\n            <div class=\"description layout-45\">\n                Extra Competition \u2013 Rouyn-Noranda Chamber of Commerce and Industry            <\/div>\n             \n        <\/div>\n                    <div class=\"mini-prix layout-flex layout-gapless\">\n            <div class=\"annee layout-10\">\n                2023            <\/div>\n            <div class=\"titre layout-45\">\n                Sustainability            <\/div>\n            <div class=\"description layout-45\">\n                Extra Competition \u2013 Rouyn-Noranda Chamber of Commerce and Industry            <\/div>\n             \n        <\/div>\n                    <div class=\"mini-prix layout-flex layout-gapless\">\n            <div class=\"annee layout-10\">\n                2020            <\/div>\n            <div class=\"titre layout-45\">\n                Regional Distinction            <\/div>\n            <div class=\"description layout-45\">\n                Quebec Performance Award            <\/div>\n             \n        <\/div>\n                    <div class=\"mini-prix layout-flex layout-gapless\">\n            <div class=\"annee layout-10\">\n                2019            <\/div>\n            <div class=\"titre layout-45\">\n                Solar Impulse Efficient Solution            <\/div>\n            <div class=\"description layout-45\">\n                The Solar Impulse Foundation            <\/div>\n             \n        <\/div>\n                    <div class=\"mini-prix layout-flex layout-gapless\">\n            <div class=\"annee layout-10\">\n                2019            <\/div>\n            <div class=\"titre layout-45\">\n                Cultural Diversity            <\/div>\n            <div class=\"description layout-45\">\n                Extra Competition \u2013 Rouyn-Noranda Chamber of Commerce and Industry            <\/div>\n             \n        <\/div>\n                    <div class=\"mini-prix layout-flex layout-gapless\">\n            <div class=\"annee layout-10\">\n                2019            <\/div>\n            <div class=\"titre layout-45\">\n                Regional Innovative Project            <\/div>\n            <div class=\"description layout-45\">\n                Ordre des ing\u00e9nieurs du Qu\u00e9bec en Abitibi-T\u00e9miscamingue            <\/div>\n             \n        <\/div>\n                    <div class=\"mini-prix layout-flex layout-gapless\">\n            <div class=\"annee layout-10\">\n                2018            <\/div>\n            <div class=\"titre layout-45\">\n                Investment \u2013 Business Development            <\/div>\n            <div class=\"description layout-45\">\n                Extra Competition \u2013 Rouyn-Noranda Chamber of Commerce and Industry            <\/div>\n             \n        <\/div>\n                    <div class=\"mini-prix layout-flex layout-gapless\">\n            <div class=\"annee layout-10\">\n                2018            <\/div>\n            <div class=\"titre layout-45\">\n                Business of the Year            <\/div>\n            <div class=\"description layout-45\">\n                Extra Competition \u2013 Rouyn-Noranda Chamber of Commerce and Industry            <\/div>\n             \n        <\/div>\n                    <div class=\"mini-prix layout-flex layout-gapless\">\n            <div class=\"annee layout-10\">\n                2017            <\/div>\n            <div class=\"titre layout-45\">\n                Market Development            <\/div>\n            <div class=\"description layout-45\">\n                Extra Competition \u2013 Rouyn-Noranda Chamber of Commerce and Industry            <\/div>\n             \n        <\/div>\n                    <div class=\"mini-prix layout-flex layout-gapless\">\n            <div class=\"annee layout-10\">\n                2011            <\/div>\n            <div class=\"titre layout-45\">\n                National Bank SME Award \u2013 GOLD Winner            <\/div>\n            <div class=\"description layout-45\">\n                Banque Nationale Groupe Financier            <\/div>\n             \n        <\/div>\n    <\/div>\n<\/div>\n\t\t<div class=\"separateur-right\"><\/div>\n\t<\/div>\n\t<div class=\"wp-bloc-group-section-bottom\"><\/div>\n<\/div>","protected":false},"excerpt":{"rendered":"<p>Technosub Group\u2019s strengths Mission Vision<\/p>\n","protected":false},"author":2,"featured_media":0,"parent":0,"menu_order":19,"comment_status":"closed","ping_status":"closed","template":"","meta":{"_acf_changed":false,"footnotes":""},"class_list":["post-3273","page","type-page","status-publish","hentry"],"acf":[],"_links":{"self":[{"href":"https:\/\/www.technosub.net\/en\/wp-json\/wp\/v2\/pages\/3273","targetHints":{"allow":["GET"]}}],"collection":[{"href":"https:\/\/www.technosub.net\/en\/wp-json\/wp\/v2\/pages"}],"about":[{"href":"https:\/\/www.technosub.net\/en\/wp-json\/wp\/v2\/types\/page"}],"author":[{"embeddable":true,"href":"https:\/\/www.technosub.net\/en\/wp-json\/wp\/v2\/users\/2"}],"replies":[{"embeddable":true,"href":"https:\/\/www.technosub.net\/en\/wp-json\/wp\/v2\/comments?post=3273"}],"version-history":[{"count":14,"href":"https:\/\/www.technosub.net\/en\/wp-json\/wp\/v2\/pages\/3273\/revisions"}],"predecessor-version":[{"id":5788,"href":"https:\/\/www.technosub.net\/en\/wp-json\/wp\/v2\/pages\/3273\/revisions\/5788"}],"wp:attachment":[{"href":"https:\/\/www.technosub.net\/en\/wp-json\/wp\/v2\/media?parent=3273"}],"curies":[{"name":"wp","href":"https:\/\/api.w.org\/{rel}","templated":true}]}}